{"id":795,"date":"2025-11-26T14:45:06","date_gmt":"2025-11-26T13:45:06","guid":{"rendered":"https:\/\/gamingfox.pl\/?page_id=795"},"modified":"2025-12-18T09:38:34","modified_gmt":"2025-12-18T08:38:34","slug":"dodatkowe-dzialania","status":"publish","type":"page","link":"https:\/\/gamingfox.pl\/en\/dodatkowe-dzialania\/","title":{"rendered":"Additional actions"},"content":{"rendered":"\t\t<div data-elementor-type=\"wp-page\" data-elementor-id=\"795\" class=\"elementor elementor-795\" data-elementor-post-type=\"page\">\n\t\t\t\t<div data-particle_enable=\"false\" data-particle-mobile-disabled=\"false\" class=\"elementor-element elementor-element-92ddd6d e-flex e-con-boxed e-con e-parent\" data-id=\"92ddd6d\" data-element_type=\"container\" data-e-type=\"container\" data-settings=\"{&quot;background_background&quot;:&quot;classic&quot;}\">\n\t\t\t\t\t<div class=\"e-con-inner\">\n\t\t<div data-particle_enable=\"false\" data-particle-mobile-disabled=\"false\" class=\"elementor-element elementor-element-71e832d e-con-full e-flex e-con e-child\" data-id=\"71e832d\" data-element_type=\"container\" data-e-type=\"container\">\n\t\t\t\t<div class=\"elementor-element elementor-element-40a68d4 elementor-widget elementor-widget-heading\" data-id=\"40a68d4\" data-element_type=\"widget\" data-e-type=\"widget\" data-widget_type=\"heading.default\">\n\t\t\t\t\t<h2 class=\"elementor-heading-title elementor-size-default\">Dodatkowe dzia\u0142ania<\/h2>\t\t\t\t<\/div>\n\t\t\t\t<\/div>\n\t\t\t\t\t<\/div>\n\t\t\t\t<\/div>\n\t\t<div data-particle_enable=\"false\" data-particle-mobile-disabled=\"false\" class=\"elementor-element elementor-element-dca0fda e-flex e-con-boxed e-con e-parent\" data-id=\"dca0fda\" data-element_type=\"container\" data-e-type=\"container\" data-settings=\"{&quot;background_background&quot;:&quot;classic&quot;}\">\n\t\t\t\t\t<div class=\"e-con-inner\">\n\t\t<div data-particle_enable=\"false\" data-particle-mobile-disabled=\"false\" class=\"elementor-element elementor-element-b58f1e9 e-con-full e-flex e-con e-child\" data-id=\"b58f1e9\" data-element_type=\"container\" data-e-type=\"container\">\n\t\t<div data-particle_enable=\"false\" data-particle-mobile-disabled=\"false\" class=\"elementor-element elementor-element-039e8ad e-con-full e-flex e-con e-child\" data-id=\"039e8ad\" data-element_type=\"container\" data-e-type=\"container\" data-settings=\"{&quot;background_background&quot;:&quot;classic&quot;,&quot;position&quot;:&quot;absolute&quot;}\">\n\t\t\t\t<div class=\"elementor-element elementor-element-3541190 elementor-widget elementor-widget-spacer\" data-id=\"3541190\" data-element_type=\"widget\" data-e-type=\"widget\" data-widget_type=\"spacer.default\">\n\t\t\t\t\t\t\t<div class=\"elementor-spacer\">\n\t\t\t<div class=\"elementor-spacer-inner\"><\/div>\n\t\t<\/div>\n\t\t\t\t\t\t<\/div>\n\t\t\t\t<\/div>\n\t\t<div data-particle_enable=\"false\" data-particle-mobile-disabled=\"false\" class=\"elementor-element elementor-element-5f984cd e-con-full e-flex e-con e-child\" data-id=\"5f984cd\" data-element_type=\"container\" data-e-type=\"container\" data-settings=\"{&quot;background_background&quot;:&quot;classic&quot;}\">\n\t\t\t\t<\/div>\n\t\t\t\t<\/div>\n\t\t\t\t<div class=\"elementor-element elementor-element-0bb650c elementor-absolute elementor-widget elementor-widget-image\" data-id=\"0bb650c\" data-element_type=\"widget\" data-e-type=\"widget\" data-settings=\"{&quot;_position&quot;:&quot;absolute&quot;,&quot;motion_fx_motion_fx_scrolling&quot;:&quot;yes&quot;,&quot;motion_fx_rotateZ_effect&quot;:&quot;yes&quot;,&quot;motion_fx_rotateZ_speed&quot;:{&quot;unit&quot;:&quot;px&quot;,&quot;size&quot;:0.5,&quot;sizes&quot;:[]},&quot;motion_fx_rotateZ_affectedRange&quot;:{&quot;unit&quot;:&quot;%&quot;,&quot;size&quot;:&quot;&quot;,&quot;sizes&quot;:{&quot;start&quot;:0,&quot;end&quot;:100}},&quot;motion_fx_devices&quot;:[&quot;desktop&quot;,&quot;tablet&quot;,&quot;mobile&quot;]}\" data-widget_type=\"image.default\">\n\t\t\t\t\t\t\t\t\t\t\t\t\t\t\t<img decoding=\"async\" width=\"72\" height=\"72\" src=\"https:\/\/gamingfox.pl\/wp-content\/uploads\/2025\/11\/Zasob-2.svg\" class=\"attachment-large size-large wp-image-157\" alt=\"\" \/>\t\t\t\t\t\t\t\t\t\t\t\t\t\t\t<\/div>\n\t\t<div data-particle_enable=\"false\" data-particle-mobile-disabled=\"false\" class=\"elementor-element elementor-element-e900c97 e-con-full e-flex e-con e-child\" data-id=\"e900c97\" data-element_type=\"container\" data-e-type=\"container\">\n\t\t\t\t<div class=\"elementor-element elementor-element-a61e888 elementor-widget elementor-widget-heading\" data-id=\"a61e888\" data-element_type=\"widget\" data-e-type=\"widget\" data-widget_type=\"heading.default\">\n\t\t\t\t\t<h2 class=\"elementor-heading-title elementor-size-default\">Us\u0142ugi<\/h2>\t\t\t\t<\/div>\n\t\t\t\t<div class=\"elementor-element elementor-element-cdefbd0 elementor-widget elementor-widget-heading\" data-id=\"cdefbd0\" data-element_type=\"widget\" data-e-type=\"widget\" data-widget_type=\"heading.default\">\n\t\t\t\t\t<h2 class=\"elementor-heading-title elementor-size-default\">Dodatkowe dzia\u0142ania<\/h2>\t\t\t\t<\/div>\n\t\t\t\t<div class=\"elementor-element elementor-element-f1429d3 elementor-widget elementor-widget-text-editor\" data-id=\"f1429d3\" data-element_type=\"widget\" data-e-type=\"widget\" data-widget_type=\"text-editor.default\">\n\t\t\t\t\t\t\t\t\t<p><strong>Nie mamy w us\u0142ugach tego, czego szukasz?<\/strong> To jeszcze nie oznacza, \u017ce nie mo\u017cemy tego zrobi\u0107! Nasz zesp\u00f3\u0142 jest elastyczny i got\u00f3w sprosta\u0107 nietypowym wyzwaniom marketingowym. Skontaktuj si\u0119 z nami i <strong>sprawd\u017a, gdzie le\u017c\u0105 nasze granice<\/strong> \u2013 cz\u0119sto wykraczamy poza standardow\u0105 ofert\u0119, aby Twoja gra odnios\u0142a sukces.<\/p>\t\t\t\t\t\t\t\t<\/div>\n\t\t<div data-particle_enable=\"false\" data-particle-mobile-disabled=\"false\" class=\"elementor-element elementor-element-9a84fd4 e-con-full e-flex e-con e-child\" data-id=\"9a84fd4\" data-element_type=\"container\" data-e-type=\"container\">\n\t\t\t\t<div class=\"elementor-element elementor-element-c4acfb5 elementor-widget elementor-widget-qi_addons_for_elementor_button\" data-id=\"c4acfb5\" data-element_type=\"widget\" data-e-type=\"widget\" data-widget_type=\"qi_addons_for_elementor_button.default\">\n\t\t\t\t<div class=\"elementor-widget-container\">\n\t\t\t\t\t<a class=\"qodef-shortcode qodef-m qodef-qi-button qodef-html--link qodef-layout--filled qodef-type--standard qodef-hover--reveal qodef--reveal-horizontal qodef-icon--right qodef-hover--icon-move-horizontal-short\" href=\"https:\/\/gamingfox.pl\/kontakt\/\" target=\"_self\">\n\t<span class=\"qodef-m-text\">Darmowa wycena<\/span>\n\t<\/a>\n\t\t\t\t<\/div>\n\t\t\t\t<\/div>\n\t\t\t\t<div class=\"elementor-element elementor-element-7d0f564 elementor-widget elementor-widget-qi_addons_for_elementor_button\" data-id=\"7d0f564\" data-element_type=\"widget\" data-e-type=\"widget\" data-widget_type=\"qi_addons_for_elementor_button.default\">\n\t\t\t\t<div class=\"elementor-widget-container\">\n\t\t\t\t\t<a class=\"qodef-shortcode qodef-m qodef-qi-button qodef-html--link qodef-layout--filled qodef-type--standard qodef-hover--reveal qodef--reveal-horizontal qodef-icon--right qodef-hover--icon-move-horizontal-short\" href=\"https:\/\/gamingfox.pl\/portfolio\/\" target=\"_self\">\n\t<span class=\"qodef-m-text\">Zobacz nasze portfolio<\/span>\n\t<\/a>\n\t\t\t\t<\/div>\n\t\t\t\t<\/div>\n\t\t\t\t<\/div>\n\t\t\t\t<\/div>\n\t\t\t\t\t<\/div>\n\t\t\t\t<\/div>\n\t\t<div data-particle_enable=\"false\" data-particle-mobile-disabled=\"false\" class=\"elementor-element elementor-element-3041c6c e-con-full e-flex e-con e-parent\" data-id=\"3041c6c\" data-element_type=\"container\" data-e-type=\"container\" data-settings=\"{&quot;background_background&quot;:&quot;classic&quot;}\">\n\t\t<div data-particle_enable=\"false\" data-particle-mobile-disabled=\"false\" class=\"elementor-element elementor-element-8d6c90d e-con-full e-flex e-con e-child\" data-id=\"8d6c90d\" data-element_type=\"container\" data-e-type=\"container\">\n\t\t\t\t<div class=\"elementor-element elementor-element-4239c3f elementor-widget elementor-widget-heading\" data-id=\"4239c3f\" data-element_type=\"widget\" data-e-type=\"widget\" data-widget_type=\"heading.default\">\n\t\t\t\t\t<h2 class=\"elementor-heading-title elementor-size-default\">Nie wiesz co jeszcze zrobi\u0107 dla Twojej gry? My wiemy!<\/h2>\t\t\t\t<\/div>\n\t\t\t\t<div class=\"elementor-element elementor-element-44e6c5e elementor-widget elementor-widget-text-editor\" data-id=\"44e6c5e\" data-element_type=\"widget\" data-e-type=\"widget\" data-widget_type=\"text-editor.default\">\n\t\t\t\t\t\t\t\t\t<p>Szukasz czego\u015b wi\u0119cej ni\u017c standardowy marketing gier indie? <strong>GamingFox to agencja, kt\u00f3ra wykracza poza schematy<\/strong>. Je\u015bli nie znalaz\u0142e\u015b w naszej ofercie us\u0142ugi, kt\u00f3rej potrzebujesz, daj nam szans\u0119 &#8211; stworzymy rozwi\u0105zanie dopasowane do Twojej gry i jej spo\u0142eczno\u015bci.<\/p><p>W GamingFox wierzymy, \u017ce promocja gier komputerowych <strong>nie ko\u0144czy si\u0119<\/strong> na influencerach czy reklamach. Szukamy nieszablonowych akcji marketingowych, kt\u00f3re potrafi\u0105 zaskoczy\u0107, rozbawi\u0107 i <strong>pobudzi\u0107 wyobra\u017ani\u0119 odbiorc\u00f3w<\/strong>. Niezale\u017cnie od tego, czy Twoja gra to ma\u0142y projekt indie, czy wi\u0119ksza produkcja, znajdziemy skuteczny spos\u00f3b, by dotrze\u0107 do w\u0142a\u015bciwych graczy i zbudowa\u0107 rozpoznawalno\u015b\u0107 marki.<\/p><p>Nasze dzia\u0142ania obejmuj\u0105 zar\u00f3wno klasyczny marketing gier, jak i niestandardowe formy promocji. Wyzwania traktujemy jak misje do wykonania.<\/p><p>Jeste\u015bmy zespo\u0142em pasjonat\u00f3w gier i marketingu &#8211; elastycznych, pomys\u0142owych i zawsze gotowych na nietypowe projekty.\u00a0<\/p><p>GamingFox \u0142\u0105czy kreatywno\u015b\u0107 \u0142\u0105czy si\u0119 z wynikami. Bo ka\u017cda gra zas\u0142uguje na szans\u0119, by zosta\u0107 odkryt\u0105 przez \u015bwiat graczy.\u00a0<\/p>\t\t\t\t\t\t\t\t<\/div>\n\t\t\t\t<div class=\"elementor-element elementor-element-c7ba301 elementor-absolute elementor-widget elementor-widget-image\" data-id=\"c7ba301\" data-element_type=\"widget\" data-e-type=\"widget\" data-settings=\"{&quot;_position&quot;:&quot;absolute&quot;,&quot;motion_fx_motion_fx_scrolling&quot;:&quot;yes&quot;,&quot;motion_fx_rotateZ_effect&quot;:&quot;yes&quot;,&quot;motion_fx_rotateZ_speed&quot;:{&quot;unit&quot;:&quot;px&quot;,&quot;size&quot;:0.5,&quot;sizes&quot;:[]},&quot;motion_fx_rotateZ_affectedRange&quot;:{&quot;unit&quot;:&quot;%&quot;,&quot;size&quot;:&quot;&quot;,&quot;sizes&quot;:{&quot;start&quot;:0,&quot;end&quot;:100}},&quot;motion_fx_devices&quot;:[&quot;desktop&quot;,&quot;tablet&quot;,&quot;mobile&quot;]}\" data-widget_type=\"image.default\">\n\t\t\t\t\t\t\t\t\t\t\t\t\t\t\t<img decoding=\"async\" width=\"85\" height=\"85\" src=\"https:\/\/gamingfox.pl\/wp-content\/uploads\/2025\/11\/Zasob-3.svg\" class=\"attachment-large size-large wp-image-287\" alt=\"\" \/>\t\t\t\t\t\t\t\t\t\t\t\t\t\t\t<\/div>\n\t\t\t\t<\/div>\n\t\t<div data-particle_enable=\"false\" data-particle-mobile-disabled=\"false\" class=\"elementor-element elementor-element-43ad202 e-con-full e-flex e-con e-child\" data-id=\"43ad202\" data-element_type=\"container\" data-e-type=\"container\" data-settings=\"{&quot;background_background&quot;:&quot;classic&quot;}\">\n\t\t\t\t<div class=\"elementor-element elementor-element-a9e278e elementor-widget elementor-widget-spacer\" data-id=\"a9e278e\" data-element_type=\"widget\" data-e-type=\"widget\" data-widget_type=\"spacer.default\">\n\t\t\t\t\t\t\t<div class=\"elementor-spacer\">\n\t\t\t<div class=\"elementor-spacer-inner\"><\/div>\n\t\t<\/div>\n\t\t\t\t\t\t<\/div>\n\t\t\t\t<\/div>\n\t\t\t\t<\/div>\n\t\t<div data-particle_enable=\"false\" data-particle-mobile-disabled=\"false\" class=\"elementor-element elementor-element-92c74a2 e-flex e-con-boxed e-con e-parent\" data-id=\"92c74a2\" data-element_type=\"container\" data-e-type=\"container\" data-settings=\"{&quot;background_background&quot;:&quot;classic&quot;}\">\n\t\t\t\t\t<div class=\"e-con-inner\">\n\t\t<div data-particle_enable=\"false\" data-particle-mobile-disabled=\"false\" class=\"elementor-element elementor-element-3fb8570 e-con-full e-flex e-con e-child\" data-id=\"3fb8570\" data-element_type=\"container\" data-e-type=\"container\">\n\t\t\t\t<div class=\"elementor-element elementor-element-a718141 elementor-widget__width-initial elementor-widget-mobile__width-inherit elementor-widget elementor-widget-heading\" data-id=\"a718141\" data-element_type=\"widget\" data-e-type=\"widget\" data-widget_type=\"heading.default\">\n\t\t\t\t\t<h2 class=\"elementor-heading-title elementor-size-default\">Dobra gra sprzeda si\u0119 sama. Nie potrzebuj\u0119 marketingu!\n<\/h2>\t\t\t\t<\/div>\n\t\t\t\t<div class=\"elementor-element elementor-element-017ad29 elementor-widget__width-initial elementor-widget-mobile__width-inherit elementor-widget elementor-widget-text-editor\" data-id=\"017ad29\" data-element_type=\"widget\" data-e-type=\"widget\" data-widget_type=\"text-editor.default\">\n\t\t\t\t\t\t\t\t\t<p>Zrobi\u0107 gr\u0119 to jedno, ale sprawi\u0107, \u017ceby kto\u015b j\u0105 kupi\u0142 &#8211; to ju\u017c zupe\u0142nie inna gra. Wielu tw\u00f3rc\u00f3w indie wci\u0105\u017c my\u015bli: <em>\u201eWystarczy, \u017ce zrobi\u0119 \u015bwietn\u0105 gr\u0119, a gracze sami j\u0105 znajd\u0105\u201d<\/em>. Niestety, to tylko <strong>mit<\/strong>.<\/p><p>W 2023 roku na Steamie pojawi\u0142o si\u0119 ponad 14 tysi\u0119cy nowych tytu\u0142\u00f3w &#8211; czyli oko\u0142o <strong>40 premier ka\u017cdego dnia<\/strong>. Na rynku gier indie robi si\u0119 t\u0142oczno. Bez dobrze zaplanowanego marketingu gier <strong>nawet genialny projekt mo\u017ce przepa\u015b\u0107 w t\u0142umie<\/strong> i nigdy nie trafi\u0107 do swojego odbiorcy.<\/p>\t\t\t\t\t\t\t\t<\/div>\n\t\t\t\t<\/div>\n\t\t\t\t\t<\/div>\n\t\t\t\t<\/div>\n\t\t<div data-particle_enable=\"false\" data-particle-mobile-disabled=\"false\" class=\"elementor-element elementor-element-810b842 e-flex e-con-boxed e-con e-parent\" data-id=\"810b842\" data-element_type=\"container\" data-e-type=\"container\" data-settings=\"{&quot;background_background&quot;:&quot;classic&quot;}\">\n\t\t\t\t\t<div class=\"e-con-inner\">\n\t\t<div data-particle_enable=\"false\" data-particle-mobile-disabled=\"false\" class=\"elementor-element elementor-element-4dfb100 e-con-full e-flex e-con e-child\" data-id=\"4dfb100\" data-element_type=\"container\" data-e-type=\"container\">\n\t\t\t\t<div class=\"elementor-element elementor-element-cf55020 elementor-widget elementor-widget-heading\" data-id=\"cf55020\" data-element_type=\"widget\" data-e-type=\"widget\" data-widget_type=\"heading.default\">\n\t\t\t\t\t<h2 class=\"elementor-heading-title elementor-size-default\">Zwi\u0119ksz widoczno\u015b\u0107 i wishlisty swojej gry<\/h2>\t\t\t\t<\/div>\n\t\t\t\t<div class=\"elementor-element elementor-element-d4f568a elementor-widget elementor-widget-text-editor\" data-id=\"d4f568a\" data-element_type=\"widget\" data-e-type=\"widget\" data-widget_type=\"text-editor.default\">\n\t\t\t\t\t\t\t\t\t<p>Masz \u015bwietn\u0105 gr\u0119, ale nie wiesz, jak j\u0105 promowa\u0107? Nasz zesp\u00f3\u0142 specjalist\u00f3w (PL\/EN) jest gotowy, by przygotowa\u0107 dla Ciebie skuteczn\u0105 strategi\u0119 dotarcia do odbiorc\u00f3w.<\/p>\t\t\t\t\t\t\t\t<\/div>\n\t\t\t\t<div class=\"elementor-element elementor-element-2e58526 elementor-widget elementor-widget-qi_addons_for_elementor_button\" data-id=\"2e58526\" data-element_type=\"widget\" data-e-type=\"widget\" data-widget_type=\"qi_addons_for_elementor_button.default\">\n\t\t\t\t<div class=\"elementor-widget-container\">\n\t\t\t\t\t<a class=\"qodef-shortcode qodef-m qodef-qi-button qodef-html--link qodef-layout--filled qodef-type--standard qodef-hover--reveal qodef--reveal-horizontal qodef-icon--right qodef-hover--icon-move-horizontal-short\" href=\"https:\/\/gamingfox.pl\/kontakt\/\" target=\"_self\">\n\t<span class=\"qodef-m-text\">Otrzymaj strategi\u0119 dla swojej gry<\/span>\n\t<\/a>\n\t\t\t\t<\/div>\n\t\t\t\t<\/div>\n\t\t\t\t<\/div>\n\t\t\t\t\t<\/div>\n\t\t\t\t<\/div>\n\t\t\t\t<\/div>\n\t\t","protected":false},"excerpt":{"rendered":"<p>Us\u0142ugi Nie mamy w us\u0142ugach tego, czego szukasz? To jeszcze nie oznacza, \u017ce nie mo\u017cemy tego zrobi\u0107! Nasz zesp\u00f3\u0142 jest elastyczny i got\u00f3w sprosta\u0107 nietypowym wyzwaniom marketingowym. Skontaktuj si\u0119 z nami i sprawd\u017a, gdzie le\u017c\u0105 nasze granice \u2013 cz\u0119sto wykraczamy poza standardow\u0105 ofert\u0119, aby Twoja gra odnios\u0142a sukces. Darmowa wycena Zobacz nasze portfolio Nie wiesz [&hellip;]<\/p>\n","protected":false},"author":1,"featured_media":0,"parent":0,"menu_order":0,"comment_status":"closed","ping_status":"closed","template":"","meta":{"_acf_changed":false,"footnotes":""},"class_list":["post-795","page","type-page","status-publish","hentry"],"acf":[],"_links":{"self":[{"href":"https:\/\/gamingfox.pl\/en\/wp-json\/wp\/v2\/pages\/795","targetHints":{"allow":["GET"]}}],"collection":[{"href":"https:\/\/gamingfox.pl\/en\/wp-json\/wp\/v2\/pages"}],"about":[{"href":"https:\/\/gamingfox.pl\/en\/wp-json\/wp\/v2\/types\/page"}],"author":[{"embeddable":true,"href":"https:\/\/gamingfox.pl\/en\/wp-json\/wp\/v2\/users\/1"}],"replies":[{"embeddable":true,"href":"https:\/\/gamingfox.pl\/en\/wp-json\/wp\/v2\/comments?post=795"}],"version-history":[{"count":19,"href":"https:\/\/gamingfox.pl\/en\/wp-json\/wp\/v2\/pages\/795\/revisions"}],"predecessor-version":[{"id":1234,"href":"https:\/\/gamingfox.pl\/en\/wp-json\/wp\/v2\/pages\/795\/revisions\/1234"}],"wp:attachment":[{"href":"https:\/\/gamingfox.pl\/en\/wp-json\/wp\/v2\/media?parent=795"}],"curies":[{"name":"wp","href":"https:\/\/api.w.org\/{rel}","templated":true}]}}