{"id":501,"date":"2025-11-18T12:24:26","date_gmt":"2025-11-18T11:24:26","guid":{"rendered":"https:\/\/gamingfox.pl\/?page_id=501"},"modified":"2025-11-29T19:07:29","modified_gmt":"2025-11-29T18:07:29","slug":"o-nas","status":"publish","type":"page","link":"https:\/\/gamingfox.pl\/en\/o-nas\/","title":{"rendered":"About Us"},"content":{"rendered":"\t\t<div data-elementor-type=\"wp-page\" data-elementor-id=\"501\" class=\"elementor elementor-501\" data-elementor-post-type=\"page\">\n\t\t\t\t<div data-particle_enable=\"false\" data-particle-mobile-disabled=\"false\" class=\"elementor-element elementor-element-ed97045 e-flex e-con-boxed e-con e-parent\" data-id=\"ed97045\" data-element_type=\"container\" data-e-type=\"container\" data-settings=\"{&quot;background_background&quot;:&quot;classic&quot;}\">\n\t\t\t\t\t<div class=\"e-con-inner\">\n\t\t<div data-particle_enable=\"false\" data-particle-mobile-disabled=\"false\" class=\"elementor-element elementor-element-0dea7c0 e-con-full e-flex e-con e-child\" data-id=\"0dea7c0\" data-element_type=\"container\" data-e-type=\"container\">\n\t\t\t\t<div class=\"elementor-element elementor-element-408f5b4 elementor-widget elementor-widget-heading\" data-id=\"408f5b4\" data-element_type=\"widget\" data-e-type=\"widget\" data-widget_type=\"heading.default\">\n\t\t\t\t\t<h2 class=\"elementor-heading-title elementor-size-default\">O nas<\/h2>\t\t\t\t<\/div>\n\t\t\t\t<\/div>\n\t\t\t\t\t<\/div>\n\t\t\t\t<\/div>\n\t\t<div data-particle_enable=\"false\" data-particle-mobile-disabled=\"false\" class=\"elementor-element elementor-element-7e4ca17 e-flex e-con-boxed e-con e-parent\" data-id=\"7e4ca17\" data-element_type=\"container\" data-e-type=\"container\" data-settings=\"{&quot;background_background&quot;:&quot;classic&quot;}\">\n\t\t\t\t\t<div class=\"e-con-inner\">\n\t\t<div data-particle_enable=\"false\" data-particle-mobile-disabled=\"false\" class=\"elementor-element elementor-element-054c9d3 e-con-full e-flex e-con e-child\" data-id=\"054c9d3\" data-element_type=\"container\" data-e-type=\"container\">\n\t\t<div data-particle_enable=\"false\" data-particle-mobile-disabled=\"false\" class=\"elementor-element elementor-element-83d301f e-con-full e-flex e-con e-child\" data-id=\"83d301f\" data-element_type=\"container\" data-e-type=\"container\" data-settings=\"{&quot;background_background&quot;:&quot;classic&quot;,&quot;position&quot;:&quot;absolute&quot;}\">\n\t\t\t\t<div class=\"elementor-element elementor-element-f35580e elementor-widget elementor-widget-spacer\" data-id=\"f35580e\" data-element_type=\"widget\" data-e-type=\"widget\" data-widget_type=\"spacer.default\">\n\t\t\t\t\t\t\t<div class=\"elementor-spacer\">\n\t\t\t<div class=\"elementor-spacer-inner\"><\/div>\n\t\t<\/div>\n\t\t\t\t\t\t<\/div>\n\t\t\t\t<\/div>\n\t\t<div data-particle_enable=\"false\" data-particle-mobile-disabled=\"false\" class=\"elementor-element elementor-element-c6f2cf6 e-con-full e-flex e-con e-child\" data-id=\"c6f2cf6\" data-element_type=\"container\" data-e-type=\"container\" data-settings=\"{&quot;background_background&quot;:&quot;classic&quot;}\">\n\t\t\t\t<\/div>\n\t\t\t\t<\/div>\n\t\t\t\t<div class=\"elementor-element elementor-element-7cc93c9 elementor-absolute elementor-widget elementor-widget-image\" data-id=\"7cc93c9\" data-element_type=\"widget\" data-e-type=\"widget\" data-settings=\"{&quot;_position&quot;:&quot;absolute&quot;,&quot;motion_fx_motion_fx_scrolling&quot;:&quot;yes&quot;,&quot;motion_fx_rotateZ_effect&quot;:&quot;yes&quot;,&quot;motion_fx_rotateZ_speed&quot;:{&quot;unit&quot;:&quot;px&quot;,&quot;size&quot;:0.5,&quot;sizes&quot;:[]},&quot;motion_fx_rotateZ_affectedRange&quot;:{&quot;unit&quot;:&quot;%&quot;,&quot;size&quot;:&quot;&quot;,&quot;sizes&quot;:{&quot;start&quot;:0,&quot;end&quot;:100}},&quot;motion_fx_devices&quot;:[&quot;desktop&quot;,&quot;tablet&quot;,&quot;mobile&quot;]}\" data-widget_type=\"image.default\">\n\t\t\t\t\t\t\t\t\t\t\t\t\t\t\t<img decoding=\"async\" width=\"72\" height=\"72\" src=\"https:\/\/gamingfox.pl\/wp-content\/uploads\/2025\/11\/Zasob-2.svg\" class=\"attachment-large size-large wp-image-157\" alt=\"\" \/>\t\t\t\t\t\t\t\t\t\t\t\t\t\t\t<\/div>\n\t\t<div data-particle_enable=\"false\" data-particle-mobile-disabled=\"false\" class=\"elementor-element elementor-element-682da9a e-con-full e-flex e-con e-child\" data-id=\"682da9a\" data-element_type=\"container\" data-e-type=\"container\">\n\t\t\t\t<div class=\"elementor-element elementor-element-a0da936 elementor-widget elementor-widget-heading\" data-id=\"a0da936\" data-element_type=\"widget\" data-e-type=\"widget\" data-widget_type=\"heading.default\">\n\t\t\t\t\t<h2 class=\"elementor-heading-title elementor-size-default\">O nas<\/h2>\t\t\t\t<\/div>\n\t\t\t\t<div class=\"elementor-element elementor-element-ffb1606 elementor-widget elementor-widget-heading\" data-id=\"ffb1606\" data-element_type=\"widget\" data-e-type=\"widget\" data-widget_type=\"heading.default\">\n\t\t\t\t\t<h2 class=\"elementor-heading-title elementor-size-default\">Marketing gier indie od audytu po launch<\/h2>\t\t\t\t<\/div>\n\t\t\t\t<div class=\"elementor-element elementor-element-e273a17 elementor-widget elementor-widget-text-editor\" data-id=\"e273a17\" data-element_type=\"widget\" data-e-type=\"widget\" data-widget_type=\"text-editor.default\">\n\t\t\t\t\t\t\t\t\t<p>Promujemy gry indie tak, aby trafi\u0142y do w\u0142a\u015bciwych graczy. GamingFox zajmuje si\u0119 marketingiem gier od Steam i social medi\u00f3w, przez kampanie reklamowe, po influencer\u00f3w i pe\u0142n\u0105 strategi\u0119 launchu. Twoja gra zas\u0142uguje na uwag\u0119, a my wiemy, jak j\u0105 zdoby\u0107.<\/p>\t\t\t\t\t\t\t\t<\/div>\n\t\t<div data-particle_enable=\"false\" data-particle-mobile-disabled=\"false\" class=\"elementor-element elementor-element-c7f08bb e-con-full e-flex e-con e-child\" data-id=\"c7f08bb\" data-element_type=\"container\" data-e-type=\"container\">\n\t\t\t\t<div class=\"elementor-element elementor-element-80a65f4 elementor-widget elementor-widget-qi_addons_for_elementor_button\" data-id=\"80a65f4\" data-element_type=\"widget\" data-e-type=\"widget\" data-widget_type=\"qi_addons_for_elementor_button.default\">\n\t\t\t\t<div class=\"elementor-widget-container\">\n\t\t\t\t\t<a class=\"qodef-shortcode qodef-m qodef-qi-button qodef-html--link qodef-layout--filled qodef-type--standard qodef-hover--reveal qodef--reveal-horizontal qodef-icon--right qodef-hover--icon-move-horizontal-short\" href=\"\" target=\"_self\">\n\t<span class=\"qodef-m-text\">Darmowa wycena<\/span>\n\t<\/a>\n\t\t\t\t<\/div>\n\t\t\t\t<\/div>\n\t\t\t\t<div class=\"elementor-element elementor-element-206fc2c elementor-widget elementor-widget-qi_addons_for_elementor_button\" data-id=\"206fc2c\" data-element_type=\"widget\" data-e-type=\"widget\" data-widget_type=\"qi_addons_for_elementor_button.default\">\n\t\t\t\t<div class=\"elementor-widget-container\">\n\t\t\t\t\t<a class=\"qodef-shortcode qodef-m qodef-qi-button qodef-html--link qodef-layout--filled qodef-type--standard qodef-hover--reveal qodef--reveal-horizontal qodef-icon--right qodef-hover--icon-move-horizontal-short\" href=\"\" target=\"_self\">\n\t<span class=\"qodef-m-text\">Zobacz nasze portfolio<\/span>\n\t<\/a>\n\t\t\t\t<\/div>\n\t\t\t\t<\/div>\n\t\t\t\t<\/div>\n\t\t\t\t<\/div>\n\t\t\t\t\t<\/div>\n\t\t\t\t<\/div>\n\t\t<div data-particle_enable=\"false\" data-particle-mobile-disabled=\"false\" class=\"elementor-element elementor-element-45c8684 e-flex e-con-boxed e-con e-parent\" data-id=\"45c8684\" data-element_type=\"container\" data-e-type=\"container\" data-settings=\"{&quot;background_background&quot;:&quot;classic&quot;}\">\n\t\t\t\t\t<div class=\"e-con-inner\">\n\t\t\t\t<div class=\"elementor-element elementor-element-a462c39 elementor-widget elementor-widget-heading\" data-id=\"a462c39\" data-element_type=\"widget\" data-e-type=\"widget\" data-widget_type=\"heading.default\">\n\t\t\t\t\t<h2 class=\"elementor-heading-title elementor-size-default\">Nasz zesp\u00f3\u0142<\/h2>\t\t\t\t<\/div>\n\t\t<div data-particle_enable=\"false\" data-particle-mobile-disabled=\"false\" class=\"elementor-element elementor-element-7e2ee02 e-con-full e-flex e-con e-child\" data-id=\"7e2ee02\" data-element_type=\"container\" data-e-type=\"container\" data-settings=\"{&quot;background_background&quot;:&quot;classic&quot;}\">\n\t\t<div data-particle_enable=\"false\" data-particle-mobile-disabled=\"false\" class=\"elementor-element elementor-element-70f9cd0 e-con-full e-flex e-con e-child\" data-id=\"70f9cd0\" data-element_type=\"container\" data-e-type=\"container\" data-settings=\"{&quot;background_background&quot;:&quot;classic&quot;}\">\n\t\t\t\t<div class=\"elementor-element elementor-element-a0585d2 elementor-widget elementor-widget-spacer\" data-id=\"a0585d2\" data-element_type=\"widget\" data-e-type=\"widget\" data-widget_type=\"spacer.default\">\n\t\t\t\t\t\t\t<div class=\"elementor-spacer\">\n\t\t\t<div class=\"elementor-spacer-inner\"><\/div>\n\t\t<\/div>\n\t\t\t\t\t\t<\/div>\n\t\t\t\t<\/div>\n\t\t<div data-particle_enable=\"false\" data-particle-mobile-disabled=\"false\" class=\"elementor-element elementor-element-dac7e4e e-con-full e-flex e-con e-child\" data-id=\"dac7e4e\" data-element_type=\"container\" data-e-type=\"container\">\n\t\t\t\t<div class=\"elementor-element elementor-element-fe252ef elementor-widget elementor-widget-heading\" data-id=\"fe252ef\" data-element_type=\"widget\" data-e-type=\"widget\" data-widget_type=\"heading.default\">\n\t\t\t\t\t<h2 class=\"elementor-heading-title elementor-size-default\">Gabi<\/h2>\t\t\t\t<\/div>\n\t\t\t\t<div class=\"elementor-element elementor-element-0f12a75 elementor-widget elementor-widget-heading\" data-id=\"0f12a75\" data-element_type=\"widget\" data-e-type=\"widget\" data-widget_type=\"heading.default\">\n\t\t\t\t\t<h2 class=\"elementor-heading-title elementor-size-default\">Za\u0142o\u017cycielka GamingFox Marketing Studio<\/h2>\t\t\t\t<\/div>\n\t\t\t\t<div class=\"elementor-element elementor-element-6913da5 elementor-widget elementor-widget-text-editor\" data-id=\"6913da5\" data-element_type=\"widget\" data-e-type=\"widget\" data-widget_type=\"text-editor.default\">\n\t\t\t\t\t\t\t\t\t<p><strong>Gram, rozumiem gamedev i wiem, jak pokaza\u0107 Twoj\u0105 gr\u0119 \u015bwiatu.<\/strong><\/p><p>Cze\u015b\u0107! Jestem Gabi \u2013 pasjonatka gier, strateg marketingowy i osoba, kt\u00f3ra stoi za GamingFox. Od dziecka siedz\u0119 w grach, a od ponad 10 lat pracuj\u0119 w marketingu cyfrowym. Pomagam niezale\u017cnym tw\u00f3rcom (solo devom, mikro-studiom i wydawcom)\u00a0<strong>dociera\u0107 do graczy, zwi\u0119ksza\u0107 wishlisty na Steam<\/strong>\u00a0i zbudowa\u0107 wok\u00f3\u0142 gry spo\u0142eczno\u015b\u0107, kt\u00f3ra naprawd\u0119 si\u0119 liczy.<\/p><p>Znam realia gamedevu od \u015brodka i wiem, co to znaczy pracowa\u0107 z ma\u0142ym bud\u017cetem, ograniczonym czasem i ogromnym sercem do projektu. Nie narzucam gotowych szablon\u00f3w \u2013\u00a0<strong>ws\u0142uchuj\u0119 si\u0119 w potrzeby gry i jej tw\u00f3rc\u00f3w<\/strong>. Ka\u017cda strategia, kt\u00f3r\u0105 tworz\u0119, jest szyta na miar\u0119: efektywna, uczciwa i bez zb\u0119dnego bullshitu.<\/p><p><strong>Je\u015bli masz \u015bwietn\u0105 gr\u0119, ale nikt o niej nie s\u0142ysza\u0142 \u2013 to jest w\u0142a\u015bnie moment, w kt\u00f3rym wchodz\u0119 ja.<\/strong><\/p>\t\t\t\t\t\t\t\t<\/div>\n\t\t\t\t<\/div>\n\t\t\t\t<\/div>\n\t\t<div data-particle_enable=\"false\" data-particle-mobile-disabled=\"false\" class=\"elementor-element elementor-element-5a22b7a e-con-full e-flex e-con e-child\" data-id=\"5a22b7a\" data-element_type=\"container\" data-e-type=\"container\" data-settings=\"{&quot;background_background&quot;:&quot;classic&quot;}\">\n\t\t<div data-particle_enable=\"false\" data-particle-mobile-disabled=\"false\" class=\"elementor-element elementor-element-18da49f e-con-full e-flex e-con e-child\" data-id=\"18da49f\" data-element_type=\"container\" data-e-type=\"container\" data-settings=\"{&quot;background_background&quot;:&quot;classic&quot;}\">\n\t\t\t\t<div class=\"elementor-element elementor-element-5703c8a elementor-widget elementor-widget-spacer\" data-id=\"5703c8a\" data-element_type=\"widget\" data-e-type=\"widget\" data-widget_type=\"spacer.default\">\n\t\t\t\t\t\t\t<div class=\"elementor-spacer\">\n\t\t\t<div class=\"elementor-spacer-inner\"><\/div>\n\t\t<\/div>\n\t\t\t\t\t\t<\/div>\n\t\t\t\t<\/div>\n\t\t<div data-particle_enable=\"false\" data-particle-mobile-disabled=\"false\" class=\"elementor-element elementor-element-482f101 e-con-full e-flex e-con e-child\" data-id=\"482f101\" data-element_type=\"container\" data-e-type=\"container\">\n\t\t\t\t<div class=\"elementor-element elementor-element-5dd9c61 elementor-widget elementor-widget-heading\" data-id=\"5dd9c61\" data-element_type=\"widget\" data-e-type=\"widget\" data-widget_type=\"heading.default\">\n\t\t\t\t\t<h2 class=\"elementor-heading-title elementor-size-default\">Mati <\/h2>\t\t\t\t<\/div>\n\t\t\t\t<div class=\"elementor-element elementor-element-2f36247 elementor-widget elementor-widget-heading\" data-id=\"2f36247\" data-element_type=\"widget\" data-e-type=\"widget\" data-widget_type=\"heading.default\">\n\t\t\t\t\t<h2 class=\"elementor-heading-title elementor-size-default\">Wsp\u00f3\u0142tw\u00f3rca GamingFox Marketing Studio<\/h2>\t\t\t\t<\/div>\n\t\t\t\t<div class=\"elementor-element elementor-element-40af146 elementor-widget elementor-widget-text-editor\" data-id=\"40af146\" data-element_type=\"widget\" data-e-type=\"widget\" data-widget_type=\"text-editor.default\">\n\t\t\t\t\t\t\t\t\t<p><strong>Od Commodore po kampanie dla indie gier \u2013 zawsze z pasj\u0105 do grania.<\/strong><\/p><p>Cze\u015b\u0107! Tu Mati \u2013 strateg kreatywny, lider zespo\u0142u contentowego i gracz z krwi i ko\u015bci. Moja przygoda z gamingiem zacz\u0119\u0142a si\u0119 jeszcze na Commodore i Pegasusie, a dzi\u015b przekuwam t\u0119 pasj\u0119 w skuteczne kampanie marketingowe dla gier indie i PC.<\/p><p>Przez lata mia\u0142em okazj\u0119 wsp\u00f3\u0142pracowa\u0107 z najwi\u0119kszymi markami technologicznymi, takimi jak\u00a0<strong>NVIDIA, Intel, AMD<\/strong>\u00a0czy\u00a0<strong>Gigabyte<\/strong>. Teraz z przyjemno\u015bci\u0105 wspieram niezale\u017cnych tw\u00f3rc\u00f3w (takich jak Ty) w budowaniu\u00a0<strong>widoczno\u015bci, wishlisty na Steam i rozpoznawalno\u015bci marki gry<\/strong>.<\/p><p>W GamingFox \u0142\u0105cz\u0119\u00a0<strong>strategi\u0119, dane i kreatywno\u015b\u0107<\/strong>, by tworzy\u0107 kampanie, kt\u00f3re naprawd\u0119 dzia\u0142aj\u0105.<\/p><p><strong>Zawsze przemy\u015blane. Zawsze nieszablonowe. Zawsze z planem.<\/strong><\/p>\t\t\t\t\t\t\t\t<\/div>\n\t\t\t\t<\/div>\n\t\t\t\t<\/div>\n\t\t\t\t\t<\/div>\n\t\t\t\t<\/div>\n\t\t\t\t<\/div>\n\t\t","protected":false},"excerpt":{"rendered":"<p>O nas Marketing gier indie od audytu po launch Promujemy gry indie tak, aby trafi\u0142y do w\u0142a\u015bciwych graczy. GamingFox zajmuje si\u0119 marketingiem gier od Steam i social medi\u00f3w, przez kampanie reklamowe, po influencer\u00f3w i pe\u0142n\u0105 strategi\u0119 launchu. Twoja gra zas\u0142uguje na uwag\u0119, a my wiemy, jak j\u0105 zdoby\u0107. Darmowa wycena Zobacz nasze portfolio Nasz zesp\u00f3\u0142 [&hellip;]<\/p>\n","protected":false},"author":1,"featured_media":0,"parent":0,"menu_order":0,"comment_status":"closed","ping_status":"closed","template":"","meta":{"_acf_changed":false,"footnotes":""},"class_list":["post-501","page","type-page","status-publish","hentry"],"acf":[],"_links":{"self":[{"href":"https:\/\/gamingfox.pl\/en\/wp-json\/wp\/v2\/pages\/501","targetHints":{"allow":["GET"]}}],"collection":[{"href":"https:\/\/gamingfox.pl\/en\/wp-json\/wp\/v2\/pages"}],"about":[{"href":"https:\/\/gamingfox.pl\/en\/wp-json\/wp\/v2\/types\/page"}],"author":[{"embeddable":true,"href":"https:\/\/gamingfox.pl\/en\/wp-json\/wp\/v2\/users\/1"}],"replies":[{"embeddable":true,"href":"https:\/\/gamingfox.pl\/en\/wp-json\/wp\/v2\/comments?post=501"}],"version-history":[{"count":25,"href":"https:\/\/gamingfox.pl\/en\/wp-json\/wp\/v2\/pages\/501\/revisions"}],"predecessor-version":[{"id":956,"href":"https:\/\/gamingfox.pl\/en\/wp-json\/wp\/v2\/pages\/501\/revisions\/956"}],"wp:attachment":[{"href":"https:\/\/gamingfox.pl\/en\/wp-json\/wp\/v2\/media?parent=501"}],"curies":[{"name":"wp","href":"https:\/\/api.w.org\/{rel}","templated":true}]}}